{"id":2,"date":"2025-06-17T17:26:12","date_gmt":"2025-06-17T15:26:12","guid":{"rendered":"http:\/\/dhmzsnr.cluster100.hosting.ovh.net\/?page_id=2"},"modified":"2025-07-29T09:00:31","modified_gmt":"2025-07-29T07:00:31","slug":"confidentialite","status":"publish","type":"page","link":"https:\/\/nilemaint.fr\/index.php\/confidentialite\/","title":{"rendered":"Mentions L\u00e9gales"},"content":{"rendered":"\n<p class=\"policeleela\"><strong>Editeur du site et directeur de la publication :<\/strong><br>Charpentreau C\u00e9dric<br>85170 Dompierre sur Yon<br>T\u00e9l\u00e9phone : +33 (0)2 51 06 53 36<br>Email : contact@nilemaint.fr<\/p>\n\n\n\n<p class=\"policeleela\"><strong>H\u00e9bergeur :<\/strong><br>OVH<br>Si\u00e8ge social : 2 rue Kellermann &#8211; 59100 Roubaix &#8211; France<\/p>\n\n\n\n<p><\/p>\n\n\n\n<p><\/p>\n","protected":false},"excerpt":{"rendered":"<p>Editeur du site et directeur de la publication :Charpentreau C\u00e9dric85170 Dompierre sur YonT\u00e9l\u00e9phone : +33 (0)2 51 06 53 36Email : contact@nilemaint.fr H\u00e9bergeur :OVHSi\u00e8ge social : 2 rue Kellermann &#8211; 59100 Roubaix &#8211; France<\/p>\n","protected":false},"author":1,"featured_media":0,"parent":0,"menu_order":0,"comment_status":"closed","ping_status":"open","template":"","meta":{"footnotes":""},"class_list":["post-2","page","type-page","status-publish","hentry"],"yoast_head":"<!-- This site is optimized with the Yoast SEO plugin v25.3 - https:\/\/yoast.com\/wordpress\/plugins\/seo\/ -->\n<title>Mentions L\u00e9gales - NILEMAINT<\/title>\n<meta name=\"robots\" content=\"index, follow, max-snippet:-1, max-image-preview:large, max-video-preview:-1\" \/>\n<link rel=\"canonical\" href=\"https:\/\/nilemaint.fr\/index.php\/confidentialite\/\" \/>\n<meta property=\"og:locale\" content=\"fr_FR\" \/>\n<meta property=\"og:type\" content=\"article\" \/>\n<meta property=\"og:title\" content=\"Mentions L\u00e9gales - NILEMAINT\" \/>\n<meta property=\"og:description\" content=\"Editeur du site et directeur de la publication :Charpentreau C\u00e9dric85170 Dompierre sur YonT\u00e9l\u00e9phone : +33 (0)2 51 06 53 36Email : contact@nilemaint.fr H\u00e9bergeur :OVHSi\u00e8ge social : 2 rue Kellermann &#8211; 59100 Roubaix &#8211; France\" \/>\n<meta property=\"og:url\" content=\"https:\/\/nilemaint.fr\/index.php\/confidentialite\/\" \/>\n<meta property=\"og:site_name\" content=\"NILEMAINT\" \/>\n<meta property=\"article:publisher\" content=\"https:\/\/facebook.com\/nilemaint\" \/>\n<meta property=\"article:modified_time\" content=\"2025-07-29T07:00:31+00:00\" \/>\n<meta name=\"twitter:card\" content=\"summary_large_image\" \/>\n<meta name=\"twitter:label1\" content=\"Dur\u00e9e de lecture estim\u00e9e\" \/>\n\t<meta name=\"twitter:data1\" content=\"1 minute\" \/>\n<script type=\"application\/ld+json\" class=\"yoast-schema-graph\">{\"@context\":\"https:\/\/schema.org\",\"@graph\":[{\"@type\":\"WebPage\",\"@id\":\"https:\/\/nilemaint.fr\/index.php\/confidentialite\/\",\"url\":\"https:\/\/nilemaint.fr\/index.php\/confidentialite\/\",\"name\":\"Mentions L\u00e9gales - NILEMAINT\",\"isPartOf\":{\"@id\":\"https:\/\/nilemaint.fr\/#website\"},\"datePublished\":\"2025-06-17T15:26:12+00:00\",\"dateModified\":\"2025-07-29T07:00:31+00:00\",\"breadcrumb\":{\"@id\":\"https:\/\/nilemaint.fr\/index.php\/confidentialite\/#breadcrumb\"},\"inLanguage\":\"fr-FR\",\"potentialAction\":[{\"@type\":\"ReadAction\",\"target\":[\"https:\/\/nilemaint.fr\/index.php\/confidentialite\/\"]}]},{\"@type\":\"BreadcrumbList\",\"@id\":\"https:\/\/nilemaint.fr\/index.php\/confidentialite\/#breadcrumb\",\"itemListElement\":[{\"@type\":\"ListItem\",\"position\":1,\"name\":\"Accueil\",\"item\":\"https:\/\/nilemaint.fr\/\"},{\"@type\":\"ListItem\",\"position\":2,\"name\":\"Mentions L\u00e9gales\"}]},{\"@type\":\"WebSite\",\"@id\":\"https:\/\/nilemaint.fr\/#website\",\"url\":\"https:\/\/nilemaint.fr\/\",\"name\":\"NILEMAINT\",\"description\":\"La Gmao efficiente\",\"publisher\":{\"@id\":\"https:\/\/nilemaint.fr\/#organization\"},\"potentialAction\":[{\"@type\":\"SearchAction\",\"target\":{\"@type\":\"EntryPoint\",\"urlTemplate\":\"https:\/\/nilemaint.fr\/?s={search_term_string}\"},\"query-input\":{\"@type\":\"PropertyValueSpecification\",\"valueRequired\":true,\"valueName\":\"search_term_string\"}}],\"inLanguage\":\"fr-FR\"},{\"@type\":\"Organization\",\"@id\":\"https:\/\/nilemaint.fr\/#organization\",\"name\":\"NILEMAINT\",\"url\":\"https:\/\/nilemaint.fr\/\",\"logo\":{\"@type\":\"ImageObject\",\"inLanguage\":\"fr-FR\",\"@id\":\"https:\/\/nilemaint.fr\/#\/schema\/logo\/image\/\",\"url\":\"https:\/\/nilemaint.fr\/wp-content\/uploads\/2025\/06\/cropped-Design-sans-titre-1-e1750952448923.png\",\"contentUrl\":\"https:\/\/nilemaint.fr\/wp-content\/uploads\/2025\/06\/cropped-Design-sans-titre-1-e1750952448923.png\",\"width\":290,\"height\":300,\"caption\":\"NILEMAINT\"},\"image\":{\"@id\":\"https:\/\/nilemaint.fr\/#\/schema\/logo\/image\/\"},\"sameAs\":[\"https:\/\/facebook.com\/nilemaint\"]}]}<\/script>\n<!-- \/ Yoast SEO plugin. -->","yoast_head_json":{"title":"Mentions L\u00e9gales - NILEMAINT","robots":{"index":"index","follow":"follow","max-snippet":"max-snippet:-1","max-image-preview":"max-image-preview:large","max-video-preview":"max-video-preview:-1"},"canonical":"https:\/\/nilemaint.fr\/index.php\/confidentialite\/","og_locale":"fr_FR","og_type":"article","og_title":"Mentions L\u00e9gales - NILEMAINT","og_description":"Editeur du site et directeur de la publication :Charpentreau C\u00e9dric85170 Dompierre sur YonT\u00e9l\u00e9phone : +33 (0)2 51 06 53 36Email : contact@nilemaint.fr H\u00e9bergeur :OVHSi\u00e8ge social : 2 rue Kellermann &#8211; 59100 Roubaix &#8211; France","og_url":"https:\/\/nilemaint.fr\/index.php\/confidentialite\/","og_site_name":"NILEMAINT","article_publisher":"https:\/\/facebook.com\/nilemaint","article_modified_time":"2025-07-29T07:00:31+00:00","twitter_card":"summary_large_image","twitter_misc":{"Dur\u00e9e de lecture estim\u00e9e":"1 minute"},"schema":{"@context":"https:\/\/schema.org","@graph":[{"@type":"WebPage","@id":"https:\/\/nilemaint.fr\/index.php\/confidentialite\/","url":"https:\/\/nilemaint.fr\/index.php\/confidentialite\/","name":"Mentions L\u00e9gales - NILEMAINT","isPartOf":{"@id":"https:\/\/nilemaint.fr\/#website"},"datePublished":"2025-06-17T15:26:12+00:00","dateModified":"2025-07-29T07:00:31+00:00","breadcrumb":{"@id":"https:\/\/nilemaint.fr\/index.php\/confidentialite\/#breadcrumb"},"inLanguage":"fr-FR","potentialAction":[{"@type":"ReadAction","target":["https:\/\/nilemaint.fr\/index.php\/confidentialite\/"]}]},{"@type":"BreadcrumbList","@id":"https:\/\/nilemaint.fr\/index.php\/confidentialite\/#breadcrumb","itemListElement":[{"@type":"ListItem","position":1,"name":"Accueil","item":"https:\/\/nilemaint.fr\/"},{"@type":"ListItem","position":2,"name":"Mentions L\u00e9gales"}]},{"@type":"WebSite","@id":"https:\/\/nilemaint.fr\/#website","url":"https:\/\/nilemaint.fr\/","name":"NILEMAINT","description":"La Gmao efficiente","publisher":{"@id":"https:\/\/nilemaint.fr\/#organization"},"potentialAction":[{"@type":"SearchAction","target":{"@type":"EntryPoint","urlTemplate":"https:\/\/nilemaint.fr\/?s={search_term_string}"},"query-input":{"@type":"PropertyValueSpecification","valueRequired":true,"valueName":"search_term_string"}}],"inLanguage":"fr-FR"},{"@type":"Organization","@id":"https:\/\/nilemaint.fr\/#organization","name":"NILEMAINT","url":"https:\/\/nilemaint.fr\/","logo":{"@type":"ImageObject","inLanguage":"fr-FR","@id":"https:\/\/nilemaint.fr\/#\/schema\/logo\/image\/","url":"https:\/\/nilemaint.fr\/wp-content\/uploads\/2025\/06\/cropped-Design-sans-titre-1-e1750952448923.png","contentUrl":"https:\/\/nilemaint.fr\/wp-content\/uploads\/2025\/06\/cropped-Design-sans-titre-1-e1750952448923.png","width":290,"height":300,"caption":"NILEMAINT"},"image":{"@id":"https:\/\/nilemaint.fr\/#\/schema\/logo\/image\/"},"sameAs":["https:\/\/facebook.com\/nilemaint"]}]}},"_links":{"self":[{"href":"https:\/\/nilemaint.fr\/index.php\/wp-json\/wp\/v2\/pages\/2","targetHints":{"allow":["GET"]}}],"collection":[{"href":"https:\/\/nilemaint.fr\/index.php\/wp-json\/wp\/v2\/pages"}],"about":[{"href":"https:\/\/nilemaint.fr\/index.php\/wp-json\/wp\/v2\/types\/page"}],"author":[{"embeddable":true,"href":"https:\/\/nilemaint.fr\/index.php\/wp-json\/wp\/v2\/users\/1"}],"replies":[{"embeddable":true,"href":"https:\/\/nilemaint.fr\/index.php\/wp-json\/wp\/v2\/comments?post=2"}],"version-history":[{"count":3,"href":"https:\/\/nilemaint.fr\/index.php\/wp-json\/wp\/v2\/pages\/2\/revisions"}],"predecessor-version":[{"id":297,"href":"https:\/\/nilemaint.fr\/index.php\/wp-json\/wp\/v2\/pages\/2\/revisions\/297"}],"wp:attachment":[{"href":"https:\/\/nilemaint.fr\/index.php\/wp-json\/wp\/v2\/media?parent=2"}],"curies":[{"name":"wp","href":"https:\/\/api.w.org\/{rel}","templated":true}]}}