{"id":13,"date":"2025-06-18T11:16:56","date_gmt":"2025-06-18T09:16:56","guid":{"rendered":"http:\/\/dhmzsnr.cluster100.hosting.ovh.net\/?page_id=13"},"modified":"2025-07-29T09:12:49","modified_gmt":"2025-07-29T07:12:49","slug":"a-propos-de","status":"publish","type":"page","link":"https:\/\/nilemaint.fr\/index.php\/a-propos-de\/","title":{"rendered":"\u00c0 propos de"},"content":{"rendered":"\n<p class=\"has-text-align-left policeleela has-background\" style=\"background-color:#008f77bd;font-size:19px\">NILEMAINT est n\u00e9 d&rsquo;une probl\u00e9matique commune \u00e0 de nombreuses PME \u00e0 savoir : comment g\u00e9rer sa croissance tout en maitrisant son budget. Les fonds sont r\u00e9guli\u00e8rement dirig\u00e9s vers le process et contraignent les acteurs terrain \u00e0 s&rsquo;adapter \u00e0 l&rsquo;\u00e9volution des lignes de production sans outil ad\u00e9quat.<br>En \u00e9purant les modules souvent inexploit\u00e9s des GMAO standardis\u00e9es, NILEMAINT nous am\u00e8ne avec facilit\u00e9 vers la gestion des interventions qui rythment notre quotidien. En effet, c&rsquo;est l&rsquo;exp\u00e9rience terrain qui a permis de d\u00e9velopper cette application pour en simplifier son utilisation et n&rsquo;en retenir que l&rsquo;essentiel, ce qui nous sert finalement.<\/p>\n\n\n\n<p><\/p>\n\n\n\n<p class=\"has-text-align-left has-normal-font-size\"><br><\/p>\n\n\n\n<p class=\"has-text-align-left policeleela has-normal-font-size\">Des fonctions indispensables pour une gestion efficace et une \u00e9pure pour une maintenance efficiente. Les essentiels sont l\u00e0 : gestion des demandes, du pr\u00e9ventif, gestion des interventions et du parc.<\/p>\n\n\n\n<p class=\"has-text-align-left policeleela has-normal-font-size\">Accessible depuis un t\u00e9l\u00e9phone ou depuis un PC, NILEMAINT vient se loger au plus pr\u00e8s du besoin.<\/p>\n\n\n\n<p class=\"has-normal-font-size\"><\/p>\n\n\n\n<p><\/p>\n","protected":false},"excerpt":{"rendered":"<p>NILEMAINT est n\u00e9 d&rsquo;une probl\u00e9matique commune \u00e0 de nombreuses PME \u00e0 savoir : comment g\u00e9rer sa croissance tout en maitrisant son budget. Les fonds sont r\u00e9guli\u00e8rement dirig\u00e9s vers le process et contraignent les acteurs terrain \u00e0 s&rsquo;adapter \u00e0 l&rsquo;\u00e9volution des lignes de production sans outil ad\u00e9quat.En \u00e9purant les modules souvent inexploit\u00e9s des GMAO standardis\u00e9es, NILEMAINT [&hellip;]<\/p>\n","protected":false},"author":1,"featured_media":51,"parent":0,"menu_order":0,"comment_status":"closed","ping_status":"closed","template":"","meta":{"footnotes":""},"class_list":["post-13","page","type-page","status-publish","has-post-thumbnail","hentry"],"yoast_head":"<!-- This site is optimized with the Yoast SEO plugin v25.3 - https:\/\/yoast.com\/wordpress\/plugins\/seo\/ -->\n<title>\u00c0 propos de - NILEMAINT<\/title>\n<meta name=\"description\" content=\"Une GMAO intuitive et simplifi\u00e9e pour vous accompagner au quotidien\" \/>\n<meta name=\"robots\" content=\"index, follow, max-snippet:-1, max-image-preview:large, max-video-preview:-1\" \/>\n<link rel=\"canonical\" href=\"https:\/\/nilemaint.fr\/index.php\/a-propos-de\/\" \/>\n<meta property=\"og:locale\" content=\"fr_FR\" \/>\n<meta property=\"og:type\" content=\"article\" \/>\n<meta property=\"og:title\" content=\"\u00c0 propos de - NILEMAINT\" \/>\n<meta property=\"og:description\" content=\"Une GMAO intuitive et simplifi\u00e9e pour vous accompagner au quotidien\" \/>\n<meta property=\"og:url\" content=\"https:\/\/nilemaint.fr\/index.php\/a-propos-de\/\" \/>\n<meta property=\"og:site_name\" content=\"NILEMAINT\" \/>\n<meta property=\"article:publisher\" content=\"https:\/\/facebook.com\/nilemaint\" \/>\n<meta property=\"article:modified_time\" content=\"2025-07-29T07:12:49+00:00\" \/>\n<meta property=\"og:image\" content=\"https:\/\/nilemaint.fr\/wp-content\/uploads\/2025\/06\/Design-sans-titre-1-e1750952448923.png\" \/>\n\t<meta property=\"og:image:width\" content=\"468\" \/>\n\t<meta property=\"og:image:height\" content=\"300\" \/>\n\t<meta property=\"og:image:type\" content=\"image\/png\" \/>\n<meta name=\"twitter:card\" content=\"summary_large_image\" \/>\n<meta name=\"twitter:label1\" content=\"Dur\u00e9e de lecture estim\u00e9e\" \/>\n\t<meta name=\"twitter:data1\" content=\"1 minute\" \/>\n<script type=\"application\/ld+json\" class=\"yoast-schema-graph\">{\"@context\":\"https:\/\/schema.org\",\"@graph\":[{\"@type\":\"WebPage\",\"@id\":\"https:\/\/nilemaint.fr\/index.php\/a-propos-de\/\",\"url\":\"https:\/\/nilemaint.fr\/index.php\/a-propos-de\/\",\"name\":\"\u00c0 propos de - NILEMAINT\",\"isPartOf\":{\"@id\":\"https:\/\/nilemaint.fr\/#website\"},\"primaryImageOfPage\":{\"@id\":\"https:\/\/nilemaint.fr\/index.php\/a-propos-de\/#primaryimage\"},\"image\":{\"@id\":\"https:\/\/nilemaint.fr\/index.php\/a-propos-de\/#primaryimage\"},\"thumbnailUrl\":\"https:\/\/nilemaint.fr\/wp-content\/uploads\/2025\/06\/Design-sans-titre-1-e1750952448923.png\",\"datePublished\":\"2025-06-18T09:16:56+00:00\",\"dateModified\":\"2025-07-29T07:12:49+00:00\",\"description\":\"Une GMAO intuitive et simplifi\u00e9e pour vous accompagner au quotidien\",\"breadcrumb\":{\"@id\":\"https:\/\/nilemaint.fr\/index.php\/a-propos-de\/#breadcrumb\"},\"inLanguage\":\"fr-FR\",\"potentialAction\":[{\"@type\":\"ReadAction\",\"target\":[\"https:\/\/nilemaint.fr\/index.php\/a-propos-de\/\"]}]},{\"@type\":\"ImageObject\",\"inLanguage\":\"fr-FR\",\"@id\":\"https:\/\/nilemaint.fr\/index.php\/a-propos-de\/#primaryimage\",\"url\":\"https:\/\/nilemaint.fr\/wp-content\/uploads\/2025\/06\/Design-sans-titre-1-e1750952448923.png\",\"contentUrl\":\"https:\/\/nilemaint.fr\/wp-content\/uploads\/2025\/06\/Design-sans-titre-1-e1750952448923.png\",\"width\":468,\"height\":300},{\"@type\":\"BreadcrumbList\",\"@id\":\"https:\/\/nilemaint.fr\/index.php\/a-propos-de\/#breadcrumb\",\"itemListElement\":[{\"@type\":\"ListItem\",\"position\":1,\"name\":\"Accueil\",\"item\":\"https:\/\/nilemaint.fr\/\"},{\"@type\":\"ListItem\",\"position\":2,\"name\":\"\u00c0 propos de\"}]},{\"@type\":\"WebSite\",\"@id\":\"https:\/\/nilemaint.fr\/#website\",\"url\":\"https:\/\/nilemaint.fr\/\",\"name\":\"NILEMAINT\",\"description\":\"La Gmao efficiente\",\"publisher\":{\"@id\":\"https:\/\/nilemaint.fr\/#organization\"},\"potentialAction\":[{\"@type\":\"SearchAction\",\"target\":{\"@type\":\"EntryPoint\",\"urlTemplate\":\"https:\/\/nilemaint.fr\/?s={search_term_string}\"},\"query-input\":{\"@type\":\"PropertyValueSpecification\",\"valueRequired\":true,\"valueName\":\"search_term_string\"}}],\"inLanguage\":\"fr-FR\"},{\"@type\":\"Organization\",\"@id\":\"https:\/\/nilemaint.fr\/#organization\",\"name\":\"NILEMAINT\",\"url\":\"https:\/\/nilemaint.fr\/\",\"logo\":{\"@type\":\"ImageObject\",\"inLanguage\":\"fr-FR\",\"@id\":\"https:\/\/nilemaint.fr\/#\/schema\/logo\/image\/\",\"url\":\"https:\/\/nilemaint.fr\/wp-content\/uploads\/2025\/06\/cropped-Design-sans-titre-1-e1750952448923.png\",\"contentUrl\":\"https:\/\/nilemaint.fr\/wp-content\/uploads\/2025\/06\/cropped-Design-sans-titre-1-e1750952448923.png\",\"width\":290,\"height\":300,\"caption\":\"NILEMAINT\"},\"image\":{\"@id\":\"https:\/\/nilemaint.fr\/#\/schema\/logo\/image\/\"},\"sameAs\":[\"https:\/\/facebook.com\/nilemaint\"]}]}<\/script>\n<!-- \/ Yoast SEO plugin. -->","yoast_head_json":{"title":"\u00c0 propos de - NILEMAINT","description":"Une GMAO intuitive et simplifi\u00e9e pour vous accompagner au quotidien","robots":{"index":"index","follow":"follow","max-snippet":"max-snippet:-1","max-image-preview":"max-image-preview:large","max-video-preview":"max-video-preview:-1"},"canonical":"https:\/\/nilemaint.fr\/index.php\/a-propos-de\/","og_locale":"fr_FR","og_type":"article","og_title":"\u00c0 propos de - NILEMAINT","og_description":"Une GMAO intuitive et simplifi\u00e9e pour vous accompagner au quotidien","og_url":"https:\/\/nilemaint.fr\/index.php\/a-propos-de\/","og_site_name":"NILEMAINT","article_publisher":"https:\/\/facebook.com\/nilemaint","article_modified_time":"2025-07-29T07:12:49+00:00","og_image":[{"width":468,"height":300,"url":"https:\/\/nilemaint.fr\/wp-content\/uploads\/2025\/06\/Design-sans-titre-1-e1750952448923.png","type":"image\/png"}],"twitter_card":"summary_large_image","twitter_misc":{"Dur\u00e9e de lecture estim\u00e9e":"1 minute"},"schema":{"@context":"https:\/\/schema.org","@graph":[{"@type":"WebPage","@id":"https:\/\/nilemaint.fr\/index.php\/a-propos-de\/","url":"https:\/\/nilemaint.fr\/index.php\/a-propos-de\/","name":"\u00c0 propos de - NILEMAINT","isPartOf":{"@id":"https:\/\/nilemaint.fr\/#website"},"primaryImageOfPage":{"@id":"https:\/\/nilemaint.fr\/index.php\/a-propos-de\/#primaryimage"},"image":{"@id":"https:\/\/nilemaint.fr\/index.php\/a-propos-de\/#primaryimage"},"thumbnailUrl":"https:\/\/nilemaint.fr\/wp-content\/uploads\/2025\/06\/Design-sans-titre-1-e1750952448923.png","datePublished":"2025-06-18T09:16:56+00:00","dateModified":"2025-07-29T07:12:49+00:00","description":"Une GMAO intuitive et simplifi\u00e9e pour vous accompagner au quotidien","breadcrumb":{"@id":"https:\/\/nilemaint.fr\/index.php\/a-propos-de\/#breadcrumb"},"inLanguage":"fr-FR","potentialAction":[{"@type":"ReadAction","target":["https:\/\/nilemaint.fr\/index.php\/a-propos-de\/"]}]},{"@type":"ImageObject","inLanguage":"fr-FR","@id":"https:\/\/nilemaint.fr\/index.php\/a-propos-de\/#primaryimage","url":"https:\/\/nilemaint.fr\/wp-content\/uploads\/2025\/06\/Design-sans-titre-1-e1750952448923.png","contentUrl":"https:\/\/nilemaint.fr\/wp-content\/uploads\/2025\/06\/Design-sans-titre-1-e1750952448923.png","width":468,"height":300},{"@type":"BreadcrumbList","@id":"https:\/\/nilemaint.fr\/index.php\/a-propos-de\/#breadcrumb","itemListElement":[{"@type":"ListItem","position":1,"name":"Accueil","item":"https:\/\/nilemaint.fr\/"},{"@type":"ListItem","position":2,"name":"\u00c0 propos de"}]},{"@type":"WebSite","@id":"https:\/\/nilemaint.fr\/#website","url":"https:\/\/nilemaint.fr\/","name":"NILEMAINT","description":"La Gmao efficiente","publisher":{"@id":"https:\/\/nilemaint.fr\/#organization"},"potentialAction":[{"@type":"SearchAction","target":{"@type":"EntryPoint","urlTemplate":"https:\/\/nilemaint.fr\/?s={search_term_string}"},"query-input":{"@type":"PropertyValueSpecification","valueRequired":true,"valueName":"search_term_string"}}],"inLanguage":"fr-FR"},{"@type":"Organization","@id":"https:\/\/nilemaint.fr\/#organization","name":"NILEMAINT","url":"https:\/\/nilemaint.fr\/","logo":{"@type":"ImageObject","inLanguage":"fr-FR","@id":"https:\/\/nilemaint.fr\/#\/schema\/logo\/image\/","url":"https:\/\/nilemaint.fr\/wp-content\/uploads\/2025\/06\/cropped-Design-sans-titre-1-e1750952448923.png","contentUrl":"https:\/\/nilemaint.fr\/wp-content\/uploads\/2025\/06\/cropped-Design-sans-titre-1-e1750952448923.png","width":290,"height":300,"caption":"NILEMAINT"},"image":{"@id":"https:\/\/nilemaint.fr\/#\/schema\/logo\/image\/"},"sameAs":["https:\/\/facebook.com\/nilemaint"]}]}},"_links":{"self":[{"href":"https:\/\/nilemaint.fr\/index.php\/wp-json\/wp\/v2\/pages\/13","targetHints":{"allow":["GET"]}}],"collection":[{"href":"https:\/\/nilemaint.fr\/index.php\/wp-json\/wp\/v2\/pages"}],"about":[{"href":"https:\/\/nilemaint.fr\/index.php\/wp-json\/wp\/v2\/types\/page"}],"author":[{"embeddable":true,"href":"https:\/\/nilemaint.fr\/index.php\/wp-json\/wp\/v2\/users\/1"}],"replies":[{"embeddable":true,"href":"https:\/\/nilemaint.fr\/index.php\/wp-json\/wp\/v2\/comments?post=13"}],"version-history":[{"count":28,"href":"https:\/\/nilemaint.fr\/index.php\/wp-json\/wp\/v2\/pages\/13\/revisions"}],"predecessor-version":[{"id":308,"href":"https:\/\/nilemaint.fr\/index.php\/wp-json\/wp\/v2\/pages\/13\/revisions\/308"}],"wp:featuredmedia":[{"embeddable":true,"href":"https:\/\/nilemaint.fr\/index.php\/wp-json\/wp\/v2\/media\/51"}],"wp:attachment":[{"href":"https:\/\/nilemaint.fr\/index.php\/wp-json\/wp\/v2\/media?parent=13"}],"curies":[{"name":"wp","href":"https:\/\/api.w.org\/{rel}","templated":true}]}}