{"id":12,"date":"2025-06-18T11:16:56","date_gmt":"2025-06-18T09:16:56","guid":{"rendered":"http:\/\/dhmzsnr.cluster100.hosting.ovh.net\/?page_id=12"},"modified":"2025-09-19T12:53:34","modified_gmt":"2025-09-19T10:53:34","slug":"acceuil","status":"publish","type":"page","link":"https:\/\/nilemaint.fr\/","title":{"rendered":""},"content":{"rendered":"\n<h2 class=\"wp-block-heading has-text-align-center has-primary-color has-text-color has-background has-link-color has-larger-font-size wp-elements-71758a73fd2e85a1e03203243583edb4\" style=\"background-color:#008f7752\">GMAO, Audit Maintenance   et Sous-traitance<\/h2>\n\n\n\n<h2 class=\"wp-block-heading has-text-align-center has-primary-color has-text-color has-background has-link-color has-large-font-size wp-elements-953025c4ae8a98bfb6bf971f45ea7045\" style=\"background-color:#008f7752\">Une solution compl\u00e8te pour une maintenance efficace<\/h2>\n\n\n\n<div class=\"wp-block-columns alignwide is-layout-flex wp-container-core-columns-is-layout-9d6595d7 wp-block-columns-is-layout-flex\">\n<div class=\"wp-block-column is-layout-flow wp-block-column-is-layout-flow\">\n<div class=\"wp-block-group\"><div class=\"wp-block-group__inner-container is-layout-flow wp-block-group-is-layout-flow\">\n<figure class=\"wp-block-image alignfull size-full\"><img loading=\"lazy\" decoding=\"async\" width=\"2000\" height=\"1428\" src=\"http:\/\/dhmzsnr.cluster100.hosting.ovh.net\/wp-content\/uploads\/2025\/06\/Audit-2.jpg\" alt=\"\" class=\"wp-image-48\" srcset=\"https:\/\/nilemaint.fr\/wp-content\/uploads\/2025\/06\/Audit-2.jpg 2000w, https:\/\/nilemaint.fr\/wp-content\/uploads\/2025\/06\/Audit-2-300x214.jpg 300w, https:\/\/nilemaint.fr\/wp-content\/uploads\/2025\/06\/Audit-2-1024x731.jpg 1024w, https:\/\/nilemaint.fr\/wp-content\/uploads\/2025\/06\/Audit-2-768x548.jpg 768w, https:\/\/nilemaint.fr\/wp-content\/uploads\/2025\/06\/Audit-2-1536x1097.jpg 1536w, https:\/\/nilemaint.fr\/wp-content\/uploads\/2025\/06\/Audit-2-1200x857.jpg 1200w, https:\/\/nilemaint.fr\/wp-content\/uploads\/2025\/06\/Audit-2-1980x1414.jpg 1980w\" sizes=\"auto, (max-width: 2000px) 100vw, 2000px\" \/><\/figure>\n\n\n\n<h3 class=\"wp-block-heading has-text-align-left\">Une GMAO intuitive pour<br>vous accompagner <br>au quotidien<\/h3>\n\n\n\n<div class=\"wp-block-button is-style-outline is-style-outline--1\"><a class=\"wp-block-button__link wp-element-button\" href=\"https:\/\/nilemaint.fr\/index.php\/gmao\/\">Lire la suite<\/a><\/div>\n<\/div><\/div>\n<\/div>\n\n\n\n<div class=\"wp-block-column is-layout-flow wp-block-column-is-layout-flow\">\n<div class=\"wp-block-group\"><div class=\"wp-block-group__inner-container is-layout-flow wp-block-group-is-layout-flow\">\n<figure class=\"wp-block-image size-full\"><img loading=\"lazy\" decoding=\"async\" width=\"2000\" height=\"1428\" src=\"http:\/\/dhmzsnr.cluster100.hosting.ovh.net\/wp-content\/uploads\/2025\/06\/Audit.jpg\" alt=\"\" class=\"wp-image-46\" srcset=\"https:\/\/nilemaint.fr\/wp-content\/uploads\/2025\/06\/Audit.jpg 2000w, https:\/\/nilemaint.fr\/wp-content\/uploads\/2025\/06\/Audit-300x214.jpg 300w, https:\/\/nilemaint.fr\/wp-content\/uploads\/2025\/06\/Audit-1024x731.jpg 1024w, https:\/\/nilemaint.fr\/wp-content\/uploads\/2025\/06\/Audit-768x548.jpg 768w, https:\/\/nilemaint.fr\/wp-content\/uploads\/2025\/06\/Audit-1536x1097.jpg 1536w, https:\/\/nilemaint.fr\/wp-content\/uploads\/2025\/06\/Audit-1200x857.jpg 1200w, https:\/\/nilemaint.fr\/wp-content\/uploads\/2025\/06\/Audit-1980x1414.jpg 1980w\" sizes=\"auto, (max-width: 2000px) 100vw, 2000px\" \/><\/figure>\n\n\n\n<h3 class=\"wp-block-heading\">Un accompagnement \u00e0 la structuration d&rsquo;une maintenance efficiente<\/h3>\n\n\n\n<div class=\"wp-block-button is-style-outline is-style-outline--2\"><a class=\"wp-block-button__link wp-element-button\" href=\"https:\/\/nilemaint.fr\/index.php\/audit-conseil\/\">Lire la suite<\/a><\/div>\n<\/div><\/div>\n<\/div>\n<\/div>\n\n\n\n<figure class=\"wp-block-gallery has-nested-images columns-default is-cropped wp-block-gallery-3 is-layout-flex wp-block-gallery-is-layout-flex\">\n<figure class=\"wp-block-image size-large\"><img loading=\"lazy\" decoding=\"async\" width=\"1024\" height=\"731\" data-id=\"312\" src=\"https:\/\/nilemaint.fr\/wp-content\/uploads\/2025\/07\/Audit-6-1024x731.jpg\" alt=\"\" class=\"wp-image-312\" srcset=\"https:\/\/nilemaint.fr\/wp-content\/uploads\/2025\/07\/Audit-6-1024x731.jpg 1024w, https:\/\/nilemaint.fr\/wp-content\/uploads\/2025\/07\/Audit-6-300x214.jpg 300w, https:\/\/nilemaint.fr\/wp-content\/uploads\/2025\/07\/Audit-6-768x548.jpg 768w, https:\/\/nilemaint.fr\/wp-content\/uploads\/2025\/07\/Audit-6-1536x1097.jpg 1536w, https:\/\/nilemaint.fr\/wp-content\/uploads\/2025\/07\/Audit-6-1200x857.jpg 1200w, https:\/\/nilemaint.fr\/wp-content\/uploads\/2025\/07\/Audit-6-1980x1414.jpg 1980w, https:\/\/nilemaint.fr\/wp-content\/uploads\/2025\/07\/Audit-6.jpg 2000w\" sizes=\"auto, (max-width: 1024px) 100vw, 1024px\" \/><\/figure>\n<\/figure>\n\n\n\n<h3 class=\"wp-block-heading has-text-align-center\">Parce que la production  n&rsquo;attend pas<\/h3>\n\n\n\n<p class=\"has-text-align-center policeleela\">Disponibilit\u00e9 et r\u00e9activit\u00e9 au service de la production <\/p>\n\n\n\n<div class=\"wp-block-buttons is-content-justification-center is-layout-flex wp-container-core-buttons-is-layout-16018d1d wp-block-buttons-is-layout-flex\">\n<div class=\"wp-block-button is-style-outline is-style-outline--4\"><a class=\"wp-block-button__link wp-element-button\" href=\"https:\/\/nilemaint.fr\/index.php\/interventions\/\">Lire la suite<\/a><\/div>\n<\/div>\n\n\n\n<div class=\"wp-block-group alignwide\"><div class=\"wp-block-group__inner-container is-layout-flow wp-block-group-is-layout-flow\">\n<h2 class=\"wp-block-heading has-text-align-center has-text-color\" style=\"color:#e0feca\">\u00ab&nbsp;Alliant simplicit\u00e9 et efficacit\u00e9, Nilemaint redessine la gestion de la maintenance.&nbsp;\u00bb<\/h2>\n<\/div><\/div>\n\n\n\n<p class=\"has-drop-cap policeleela\">Fort de 20 ans d\u2019exp\u00e9rience en maintenance industrielle au c\u0153ur des industries vend\u00e9ennes, NILEMAINT est n\u00e9 d\u2019un projet ambitieux : accompagner les entreprises en d\u00e9veloppement en leur donnant acc\u00e8s aux outils et aux savoir-faire essentiels \u00e0 leur croissance.<\/p>\n\n\n\n<p class=\"policeleela\">Qu\u2019il s\u2019agisse de mettre en place le suivi des installations ou d\u2019optimiser l\u2019existant, NILEMAINT offre des solutions concr\u00e8tes pour garantir tra\u00e7abilit\u00e9, anticipation et performance. Bas\u00e9 en vend\u00e9e, au coeur d&rsquo;une r\u00e9gion dynamique, NILEMAINT compl\u00e8te l&rsquo;offre de support aux entreprises.<\/p>\n\n\n\n<p><\/p>\n\n\n\n<p><\/p>\n","protected":false},"excerpt":{"rendered":"<p>GMAO, Audit Maintenance et Sous-traitance Une solution compl\u00e8te pour une maintenance efficace Une GMAO intuitive pourvous accompagner au quotidien Un accompagnement \u00e0 la structuration d&rsquo;une maintenance efficiente Parce que la production n&rsquo;attend pas Disponibilit\u00e9 et r\u00e9activit\u00e9 au service de la production \u00ab&nbsp;Alliant simplicit\u00e9 et efficacit\u00e9, Nilemaint redessine la gestion de la maintenance.&nbsp;\u00bb Fort de 20 [&hellip;]<\/p>\n","protected":false},"author":1,"featured_media":51,"parent":0,"menu_order":0,"comment_status":"closed","ping_status":"closed","template":"","meta":{"footnotes":""},"class_list":["post-12","page","type-page","status-publish","has-post-thumbnail","hentry"],"yoast_head":"<!-- This site is optimized with the Yoast SEO plugin v25.3 - https:\/\/yoast.com\/wordpress\/plugins\/seo\/ -->\n<title>La Gmao efficiente<\/title>\n<meta name=\"description\" content=\"Une GMAO intuitive et simplifi\u00e9e pour vous accompagner au quotidien\" \/>\n<meta name=\"robots\" content=\"index, follow, max-snippet:-1, max-image-preview:large, max-video-preview:-1\" \/>\n<link rel=\"canonical\" href=\"https:\/\/nilemaint.fr\/\" \/>\n<meta property=\"og:locale\" content=\"fr_FR\" \/>\n<meta property=\"og:type\" content=\"article\" \/>\n<meta property=\"og:title\" content=\"La Gmao efficiente\" \/>\n<meta property=\"og:description\" content=\"Une GMAO intuitive et simplifi\u00e9e pour vous accompagner au quotidien\" \/>\n<meta property=\"og:url\" content=\"https:\/\/nilemaint.fr\/\" \/>\n<meta property=\"og:site_name\" content=\"NILEMAINT\" \/>\n<meta property=\"article:publisher\" content=\"https:\/\/facebook.com\/nilemaint\" \/>\n<meta property=\"article:modified_time\" content=\"2025-09-19T10:53:34+00:00\" \/>\n<meta property=\"og:image\" content=\"https:\/\/nilemaint.fr\/wp-content\/uploads\/2025\/06\/Design-sans-titre-1-e1750952448923.png\" \/>\n\t<meta property=\"og:image:width\" content=\"468\" \/>\n\t<meta property=\"og:image:height\" content=\"300\" \/>\n\t<meta property=\"og:image:type\" content=\"image\/png\" \/>\n<meta name=\"twitter:card\" content=\"summary_large_image\" \/>\n<meta name=\"twitter:label1\" content=\"Dur\u00e9e de lecture estim\u00e9e\" \/>\n\t<meta name=\"twitter:data1\" content=\"2 minutes\" \/>\n<script type=\"application\/ld+json\" class=\"yoast-schema-graph\">{\"@context\":\"https:\/\/schema.org\",\"@graph\":[{\"@type\":\"WebPage\",\"@id\":\"https:\/\/nilemaint.fr\/\",\"url\":\"https:\/\/nilemaint.fr\/\",\"name\":\"La Gmao efficiente\",\"isPartOf\":{\"@id\":\"https:\/\/nilemaint.fr\/#website\"},\"primaryImageOfPage\":{\"@id\":\"https:\/\/nilemaint.fr\/#primaryimage\"},\"image\":{\"@id\":\"https:\/\/nilemaint.fr\/#primaryimage\"},\"thumbnailUrl\":\"https:\/\/nilemaint.fr\/wp-content\/uploads\/2025\/06\/Design-sans-titre-1-e1750952448923.png\",\"datePublished\":\"2025-06-18T09:16:56+00:00\",\"dateModified\":\"2025-09-19T10:53:34+00:00\",\"description\":\"Une GMAO intuitive et simplifi\u00e9e pour vous accompagner au quotidien\",\"inLanguage\":\"fr-FR\",\"potentialAction\":[{\"@type\":\"ReadAction\",\"target\":[\"https:\/\/nilemaint.fr\/\"]}]},{\"@type\":\"ImageObject\",\"inLanguage\":\"fr-FR\",\"@id\":\"https:\/\/nilemaint.fr\/#primaryimage\",\"url\":\"https:\/\/nilemaint.fr\/wp-content\/uploads\/2025\/06\/Design-sans-titre-1-e1750952448923.png\",\"contentUrl\":\"https:\/\/nilemaint.fr\/wp-content\/uploads\/2025\/06\/Design-sans-titre-1-e1750952448923.png\",\"width\":468,\"height\":300},{\"@type\":\"WebSite\",\"@id\":\"https:\/\/nilemaint.fr\/#website\",\"url\":\"https:\/\/nilemaint.fr\/\",\"name\":\"NILEMAINT\",\"description\":\"La Gmao efficiente\",\"publisher\":{\"@id\":\"https:\/\/nilemaint.fr\/#organization\"},\"potentialAction\":[{\"@type\":\"SearchAction\",\"target\":{\"@type\":\"EntryPoint\",\"urlTemplate\":\"https:\/\/nilemaint.fr\/?s={search_term_string}\"},\"query-input\":{\"@type\":\"PropertyValueSpecification\",\"valueRequired\":true,\"valueName\":\"search_term_string\"}}],\"inLanguage\":\"fr-FR\"},{\"@type\":\"Organization\",\"@id\":\"https:\/\/nilemaint.fr\/#organization\",\"name\":\"NILEMAINT\",\"url\":\"https:\/\/nilemaint.fr\/\",\"logo\":{\"@type\":\"ImageObject\",\"inLanguage\":\"fr-FR\",\"@id\":\"https:\/\/nilemaint.fr\/#\/schema\/logo\/image\/\",\"url\":\"https:\/\/nilemaint.fr\/wp-content\/uploads\/2025\/06\/cropped-Design-sans-titre-1-e1750952448923.png\",\"contentUrl\":\"https:\/\/nilemaint.fr\/wp-content\/uploads\/2025\/06\/cropped-Design-sans-titre-1-e1750952448923.png\",\"width\":290,\"height\":300,\"caption\":\"NILEMAINT\"},\"image\":{\"@id\":\"https:\/\/nilemaint.fr\/#\/schema\/logo\/image\/\"},\"sameAs\":[\"https:\/\/facebook.com\/nilemaint\"]}]}<\/script>\n<!-- \/ Yoast SEO plugin. -->","yoast_head_json":{"title":"La Gmao efficiente","description":"Une GMAO intuitive et simplifi\u00e9e pour vous accompagner au quotidien","robots":{"index":"index","follow":"follow","max-snippet":"max-snippet:-1","max-image-preview":"max-image-preview:large","max-video-preview":"max-video-preview:-1"},"canonical":"https:\/\/nilemaint.fr\/","og_locale":"fr_FR","og_type":"article","og_title":"La Gmao efficiente","og_description":"Une GMAO intuitive et simplifi\u00e9e pour vous accompagner au quotidien","og_url":"https:\/\/nilemaint.fr\/","og_site_name":"NILEMAINT","article_publisher":"https:\/\/facebook.com\/nilemaint","article_modified_time":"2025-09-19T10:53:34+00:00","og_image":[{"width":468,"height":300,"url":"https:\/\/nilemaint.fr\/wp-content\/uploads\/2025\/06\/Design-sans-titre-1-e1750952448923.png","type":"image\/png"}],"twitter_card":"summary_large_image","twitter_misc":{"Dur\u00e9e de lecture estim\u00e9e":"2 minutes"},"schema":{"@context":"https:\/\/schema.org","@graph":[{"@type":"WebPage","@id":"https:\/\/nilemaint.fr\/","url":"https:\/\/nilemaint.fr\/","name":"La Gmao efficiente","isPartOf":{"@id":"https:\/\/nilemaint.fr\/#website"},"primaryImageOfPage":{"@id":"https:\/\/nilemaint.fr\/#primaryimage"},"image":{"@id":"https:\/\/nilemaint.fr\/#primaryimage"},"thumbnailUrl":"https:\/\/nilemaint.fr\/wp-content\/uploads\/2025\/06\/Design-sans-titre-1-e1750952448923.png","datePublished":"2025-06-18T09:16:56+00:00","dateModified":"2025-09-19T10:53:34+00:00","description":"Une GMAO intuitive et simplifi\u00e9e pour vous accompagner au quotidien","inLanguage":"fr-FR","potentialAction":[{"@type":"ReadAction","target":["https:\/\/nilemaint.fr\/"]}]},{"@type":"ImageObject","inLanguage":"fr-FR","@id":"https:\/\/nilemaint.fr\/#primaryimage","url":"https:\/\/nilemaint.fr\/wp-content\/uploads\/2025\/06\/Design-sans-titre-1-e1750952448923.png","contentUrl":"https:\/\/nilemaint.fr\/wp-content\/uploads\/2025\/06\/Design-sans-titre-1-e1750952448923.png","width":468,"height":300},{"@type":"WebSite","@id":"https:\/\/nilemaint.fr\/#website","url":"https:\/\/nilemaint.fr\/","name":"NILEMAINT","description":"La Gmao efficiente","publisher":{"@id":"https:\/\/nilemaint.fr\/#organization"},"potentialAction":[{"@type":"SearchAction","target":{"@type":"EntryPoint","urlTemplate":"https:\/\/nilemaint.fr\/?s={search_term_string}"},"query-input":{"@type":"PropertyValueSpecification","valueRequired":true,"valueName":"search_term_string"}}],"inLanguage":"fr-FR"},{"@type":"Organization","@id":"https:\/\/nilemaint.fr\/#organization","name":"NILEMAINT","url":"https:\/\/nilemaint.fr\/","logo":{"@type":"ImageObject","inLanguage":"fr-FR","@id":"https:\/\/nilemaint.fr\/#\/schema\/logo\/image\/","url":"https:\/\/nilemaint.fr\/wp-content\/uploads\/2025\/06\/cropped-Design-sans-titre-1-e1750952448923.png","contentUrl":"https:\/\/nilemaint.fr\/wp-content\/uploads\/2025\/06\/cropped-Design-sans-titre-1-e1750952448923.png","width":290,"height":300,"caption":"NILEMAINT"},"image":{"@id":"https:\/\/nilemaint.fr\/#\/schema\/logo\/image\/"},"sameAs":["https:\/\/facebook.com\/nilemaint"]}]}},"_links":{"self":[{"href":"https:\/\/nilemaint.fr\/index.php\/wp-json\/wp\/v2\/pages\/12","targetHints":{"allow":["GET"]}}],"collection":[{"href":"https:\/\/nilemaint.fr\/index.php\/wp-json\/wp\/v2\/pages"}],"about":[{"href":"https:\/\/nilemaint.fr\/index.php\/wp-json\/wp\/v2\/types\/page"}],"author":[{"embeddable":true,"href":"https:\/\/nilemaint.fr\/index.php\/wp-json\/wp\/v2\/users\/1"}],"replies":[{"embeddable":true,"href":"https:\/\/nilemaint.fr\/index.php\/wp-json\/wp\/v2\/comments?post=12"}],"version-history":[{"count":58,"href":"https:\/\/nilemaint.fr\/index.php\/wp-json\/wp\/v2\/pages\/12\/revisions"}],"predecessor-version":[{"id":327,"href":"https:\/\/nilemaint.fr\/index.php\/wp-json\/wp\/v2\/pages\/12\/revisions\/327"}],"wp:featuredmedia":[{"embeddable":true,"href":"https:\/\/nilemaint.fr\/index.php\/wp-json\/wp\/v2\/media\/51"}],"wp:attachment":[{"href":"https:\/\/nilemaint.fr\/index.php\/wp-json\/wp\/v2\/media?parent=12"}],"curies":[{"name":"wp","href":"https:\/\/api.w.org\/{rel}","templated":true}]}}